{"id":797,"date":"2018-11-26T01:32:22","date_gmt":"2018-11-26T01:32:22","guid":{"rendered":"https:\/\/boxoflove.es\/?post_type=product&#038;p=797"},"modified":"2020-12-24T13:33:27","modified_gmt":"2020-12-24T13:33:27","slug":"luxury-eternity-plush-collection","status":"publish","type":"product","link":"https:\/\/boxoflove.es\/es\/product\/luxury-eternity-plush-collection\/","title":{"rendered":"LUXURY ETERNITY PLUSH COLLECTION"},"content":{"rendered":"<p>Con un par de clics en nuesta pagina web puedes elegir tu caja y una expresi\u00f3n de amor o una felicitaci\u00f3n ser\u00e1 entregada con un mensaje personal. \u00a0Proceso simple de hacer pedida te quitar\u00e1 un peso de encima.<\/p>\n<h3><strong>Debido a disponibilidad<\/strong><\/h3>\n<p>Tenga en cuenta que las rosas de colores e infinitas deben pedirse con un m\u00ednimo de 10 a 15 d\u00edas antes.<\/p>\n<p><input id=\"wrdplg_fr_pnl_info_holder_id\" type=\"hidden\" value=\"processed\" \/><\/p>\n","protected":false},"excerpt":{"rendered":"<p>Las rosas de nuestra colecci\u00f3n de la eternidad son rosas reales que se recogen a la altura de su floraci\u00f3n y se conservan para que duren hasta un a\u00f1o. Nuestras cajas son hechas a mano, bellamente dise\u00f1adas y tienen rosas de la m\u00e1s alta calidad.<\/p>\n<p><input id=\"wrdplg_fr_pnl_info_holder_id\" type=\"hidden\" value=\"processed\" \/><\/p>\n","protected":false},"featured_media":341,"comment_status":"open","ping_status":"closed","template":"","meta":{"spay_email":""},"_links":{"self":[{"href":"https:\/\/boxoflove.es\/es\/wp-json\/wp\/v2\/product\/797\/"}],"collection":[{"href":"https:\/\/boxoflove.es\/es\/wp-json\/wp\/v2\/product\/"}],"about":[{"href":"https:\/\/boxoflove.es\/es\/wp-json\/wp\/v2\/types\/product\/"}],"replies":[{"embeddable":true,"href":"https:\/\/boxoflove.es\/es\/wp-json\/wp\/v2\/comments\/?post=797"}],"wp:featuredmedia":[{"embeddable":true,"href":"https:\/\/boxoflove.es\/es\/wp-json\/wp\/v2\/media\/341\/"}],"wp:attachment":[{"href":"https:\/\/boxoflove.es\/es\/wp-json\/wp\/v2\/media\/?parent=797"}],"curies":[{"name":"wp","href":"https:\/\/api.w.org\/{rel}","templated":true}]}}