{"id":798,"date":"2019-05-26T05:59:13","date_gmt":"2019-05-26T05:59:13","guid":{"rendered":"https:\/\/boxoflove.es\/?post_type=product&#038;p=798"},"modified":"2021-08-23T04:47:57","modified_gmt":"2021-08-23T04:47:57","slug":"eternity-collection%ef%b8%8f","status":"publish","type":"product","link":"https:\/\/boxoflove.es\/es\/product\/eternity-collection%ef%b8%8f\/","title":{"rendered":"ETERNITY COLLECTION\u00ae\ufe0f"},"content":{"rendered":"<p>Las rosas de nuestra colecci\u00f3n de la eternidad son rosas reales que se recogen a la altura de su floraci\u00f3n y se conservan para que duren hasta un a\u00f1o. Nuestras cajas son hechas a mano, bellamente dise\u00f1adas y tienen rosas de la m\u00e1s alta calidad.<\/p>\n<p><input id=\"wrdplg_fr_pnl_info_holder_id\" type=\"hidden\" value=\"processed\" \/><\/p>\n","protected":false},"excerpt":{"rendered":"<p>Con un par de clics en nuesta pagina web puedes elegir tu caja y una expresi\u00f3n de amor o una felicitaci\u00f3n ser\u00e1 entregada con un mensaje personal. \u00a0Proceso simple de hacer pedida te quitar\u00e1 un peso de encima.<\/p>\n<p><strong>Debido a disponibilidad<\/strong><\/p>\n<p>Tenga en cuenta que las rosas de colores e infinitas deben pedirse con un m\u00ednimo de 10 a 15 d\u00edas antes.<\/p>\n<p><input id=\"wrdplg_fr_pnl_info_holder_id\" type=\"hidden\" value=\"processed\" \/><\/p>\n","protected":false},"featured_media":339,"comment_status":"open","ping_status":"closed","template":"","meta":{"spay_email":""},"_links":{"self":[{"href":"https:\/\/boxoflove.es\/es\/wp-json\/wp\/v2\/product\/798\/"}],"collection":[{"href":"https:\/\/boxoflove.es\/es\/wp-json\/wp\/v2\/product\/"}],"about":[{"href":"https:\/\/boxoflove.es\/es\/wp-json\/wp\/v2\/types\/product\/"}],"replies":[{"embeddable":true,"href":"https:\/\/boxoflove.es\/es\/wp-json\/wp\/v2\/comments\/?post=798"}],"wp:featuredmedia":[{"embeddable":true,"href":"https:\/\/boxoflove.es\/es\/wp-json\/wp\/v2\/media\/339\/"}],"wp:attachment":[{"href":"https:\/\/boxoflove.es\/es\/wp-json\/wp\/v2\/media\/?parent=798"}],"curies":[{"name":"wp","href":"https:\/\/api.w.org\/{rel}","templated":true}]}}