{"id":809,"date":"2019-05-26T05:59:46","date_gmt":"2019-05-26T05:59:46","guid":{"rendered":"https:\/\/boxoflove.es\/?post_type=product&#038;p=809"},"modified":"2020-12-25T23:32:13","modified_gmt":"2020-12-25T23:32:13","slug":"luxury-plush-collection","status":"publish","type":"product","link":"https:\/\/boxoflove.es\/es\/product\/luxury-plush-collection\/","title":{"rendered":"LUXURY PLUSH COLLECTION"},"content":{"rendered":"<p>Con un par de clics en nuesta pagina web puedes elegir tu caja y una expresi\u00f3n de amor o una felicitaci\u00f3n ser\u00e1 entregada con un mensaje personal. \u00a0Proceso simple de hacer pedida te quitar\u00e1 un peso de encima.<\/p>\n","protected":false},"excerpt":{"rendered":"<p>Mejor conocido como un s\u00edmbolo del amor rom\u00e1ntico, la rosa roja es sin\u00f3nimo de pasi\u00f3n y romance. Por esta raz\u00f3n, la rosa roja a menudo se llama &#8220;la rosa del amante&#8221;. La flor ha mantenido este significado durante siglos, a trav\u00e9s de culturas y religiones. Simplemente significa &#8220;TE AMO&#8221;.<\/p>\n<p><input id=\"wrdplg_fr_pnl_info_holder_id\" type=\"hidden\" value=\"processed\" \/><\/p>\n","protected":false},"featured_media":343,"comment_status":"open","ping_status":"closed","template":"","meta":{"spay_email":""},"_links":{"self":[{"href":"https:\/\/boxoflove.es\/es\/wp-json\/wp\/v2\/product\/809\/"}],"collection":[{"href":"https:\/\/boxoflove.es\/es\/wp-json\/wp\/v2\/product\/"}],"about":[{"href":"https:\/\/boxoflove.es\/es\/wp-json\/wp\/v2\/types\/product\/"}],"replies":[{"embeddable":true,"href":"https:\/\/boxoflove.es\/es\/wp-json\/wp\/v2\/comments\/?post=809"}],"wp:featuredmedia":[{"embeddable":true,"href":"https:\/\/boxoflove.es\/es\/wp-json\/wp\/v2\/media\/343\/"}],"wp:attachment":[{"href":"https:\/\/boxoflove.es\/es\/wp-json\/wp\/v2\/media\/?parent=809"}],"curies":[{"name":"wp","href":"https:\/\/api.w.org\/{rel}","templated":true}]}}