{"id":834,"date":"2018-09-11T23:14:56","date_gmt":"2018-09-11T23:14:56","guid":{"rendered":"https:\/\/boxoflove.es\/product\/love-passion-box-collection\/"},"modified":"2022-06-22T00:25:54","modified_gmt":"2022-06-22T00:25:54","slug":"love-passion-box-collection","status":"publish","type":"product","link":"https:\/\/boxoflove.es\/es\/product\/love-passion-box-collection\/","title":{"rendered":"LOVE &#038; PASSION BOX COLLECTION"},"content":{"rendered":"<p>M\u00e1s conocida como el s\u00edmbolo de amor rom\u00e1ntico, la rosa roja es sin\u00f3nimo de pasi\u00f3n y romance. Por esta raz\u00f3n la rosa roja se denomina tambi\u00e9n \u201dla rosa de amantes\u201d y con este significado ha perdurado muchos siglos en diferentes culturas y religiones. Simplemente significa \u201cTe quiero\u201d<\/p>\n<p><input id=\"wrdplg_fr_pnl_info_holder_id\" type=\"hidden\" value=\"processed\" \/><\/p>\n","protected":false},"excerpt":{"rendered":"<p>Con un par de clics en nuesta pagina web puedes elegir tu caja y una expresi\u00f3n de amor o una felicitaci\u00f3n ser\u00e1 entregada con un mensaje personal. \u00a0Proceso simple de hacer pedida te quitar\u00e1 un peso de encima.<\/p>\n<p><strong>Debido a disponibilidad<\/strong><\/p>\n<p>Tenga en cuenta que las rosas de colores e infinitas deben pedirse con un m\u00ednimo de 10 a 15 d\u00edas antes.<\/p>\n<p><input id=\"wrdplg_fr_pnl_info_holder_id\" type=\"hidden\" value=\"processed\" \/><\/p>\n","protected":false},"featured_media":337,"comment_status":"open","ping_status":"closed","template":"","meta":{"spay_email":""},"_links":{"self":[{"href":"https:\/\/boxoflove.es\/es\/wp-json\/wp\/v2\/product\/834\/"}],"collection":[{"href":"https:\/\/boxoflove.es\/es\/wp-json\/wp\/v2\/product\/"}],"about":[{"href":"https:\/\/boxoflove.es\/es\/wp-json\/wp\/v2\/types\/product\/"}],"replies":[{"embeddable":true,"href":"https:\/\/boxoflove.es\/es\/wp-json\/wp\/v2\/comments\/?post=834"}],"wp:featuredmedia":[{"embeddable":true,"href":"https:\/\/boxoflove.es\/es\/wp-json\/wp\/v2\/media\/337\/"}],"wp:attachment":[{"href":"https:\/\/boxoflove.es\/es\/wp-json\/wp\/v2\/media\/?parent=834"}],"curies":[{"name":"wp","href":"https:\/\/api.w.org\/{rel}","templated":true}]}}