{"id":895,"date":"2018-09-11T23:29:46","date_gmt":"2018-09-11T23:29:46","guid":{"rendered":"https:\/\/boxoflove.es\/product\/personalized-luxury-edition\/"},"modified":"2024-09-12T18:07:20","modified_gmt":"2024-09-12T18:07:20","slug":"personalized-luxury-edition","status":"publish","type":"product","link":"https:\/\/boxoflove.es\/es\/product\/personalized-luxury-edition\/","title":{"rendered":"PERSONALIZED LUXURY EDITION"},"content":{"rendered":"<p>PERSONALIZED LUXURY EDITION -Mejor conocido como un s\u00edmbolo del amor rom\u00e1ntico, la rosa roja es sin\u00f3nimo de pasi\u00f3n y romance. Por esta raz\u00f3n, la rosa roja a menudo se llama &#8220;la rosa del amante&#8221;. La flor ha mantenido este significado durante siglos, a trav\u00e9s de culturas y religiones. Simplemente significa &#8220;TE AMO&#8221;<\/p>\n<p><input id=\"wrdplg_fr_pnl_info_holder_id\" type=\"hidden\" value=\"processed\" \/><\/p>\n","protected":false},"excerpt":{"rendered":"<p>Con un par de clics en nuesta pagina web puedes elegir tu caja y una expresi\u00f3n de amor o una felicitaci\u00f3n ser\u00e1 entregada con un mensaje personal. \u00a0Proceso simple de hacer pedida te quitar\u00e1 un peso de encima.<\/p>\n<p><strong>Debido a disponibilidad<\/strong><\/p>\n<p>Tenga en cuenta que las rosas de colores e infinitas deben pedirse con un m\u00ednimo de 10 a 15 d\u00edas antes.<\/p>\n<p><input id=\"wrdplg_fr_pnl_info_holder_id\" type=\"hidden\" value=\"processed\" \/><\/p>\n","protected":false},"featured_media":345,"comment_status":"open","ping_status":"closed","template":"","meta":{"spay_email":""},"_links":{"self":[{"href":"https:\/\/boxoflove.es\/es\/wp-json\/wp\/v2\/product\/895\/"}],"collection":[{"href":"https:\/\/boxoflove.es\/es\/wp-json\/wp\/v2\/product\/"}],"about":[{"href":"https:\/\/boxoflove.es\/es\/wp-json\/wp\/v2\/types\/product\/"}],"replies":[{"embeddable":true,"href":"https:\/\/boxoflove.es\/es\/wp-json\/wp\/v2\/comments\/?post=895"}],"wp:featuredmedia":[{"embeddable":true,"href":"https:\/\/boxoflove.es\/es\/wp-json\/wp\/v2\/media\/345\/"}],"wp:attachment":[{"href":"https:\/\/boxoflove.es\/es\/wp-json\/wp\/v2\/media\/?parent=895"}],"curies":[{"name":"wp","href":"https:\/\/api.w.org\/{rel}","templated":true}]}}